{"id":1675,"date":"2022-12-27T11:34:19","date_gmt":"2022-12-27T17:34:19","guid":{"rendered":"https:\/\/hotelaurora-montezuma.com\/?page_id=1675"},"modified":"2023-01-17T11:08:21","modified_gmt":"2023-01-17T17:08:21","slug":"hotel-aurora","status":"publish","type":"page","link":"https:\/\/hotelaurora-montezuma.com\/es\/hotel-aurora\/","title":{"rendered":"Hotel Aurora"},"content":{"rendered":"\t\t<div data-elementor-type=\"wp-page\" data-elementor-id=\"1675\" class=\"elementor elementor-1675\" data-elementor-post-type=\"page\">\n\t\t\t\t\t\t<section class=\"elementor-section elementor-top-section elementor-element elementor-element-171f0ad elementor-section-boxed elementor-section-height-default elementor-section-height-default\" data-id=\"171f0ad\" data-element_type=\"section\" data-e-type=\"section\">\n\t\t\t\t\t\t<div class=\"elementor-container elementor-column-gap-default\">\n\t\t\t\t\t<div class=\"elementor-column elementor-col-100 elementor-top-column elementor-element elementor-element-f5292da\" data-id=\"f5292da\" data-element_type=\"column\" data-e-type=\"column\">\n\t\t\t<div class=\"elementor-widget-wrap elementor-element-populated\">\n\t\t\t\t\t\t<div class=\"elementor-element elementor-element-a3d28b4 elementor-widget elementor-widget-text-editor\" data-id=\"a3d28b4\" data-element_type=\"widget\" data-e-type=\"widget\" data-widget_type=\"text-editor.default\">\n\t\t\t\t<div class=\"elementor-widget-container\">\n\t\t\t\t\t\t\t\t\t<p style=\"text-align: center;\"><strong>El Hotel Aurora recibe hu\u00e9spedes desde 1984.<\/strong><\/p><p style=\"text-align: justify;\">Hotel Aurora ofrece una gran sala de estar y una terraza de madera con zona de estar, hamacas, rodeado de exuberantes jardines y el encanto de la naturaleza de Montezuma. Se encuentra a 100 m del centro y las playas ya 10 minutos a pie de &#8220;La Cascada&#8221;, la cascada del r\u00edo Montezuma.<\/p><p style=\"text-align: justify;\">Todas las habitaciones dobles Budget que se ofrecen sin A\/C (Tama\u00f1o 15 m) y las que incluyen el servicio de A\/C (Tama\u00f1o 15 m) cuentan con ba\u00f1o privado con agua caliente, refrigerador, cafetera, ventilador y un peque\u00f1o espacio privado al aire libre.<\/p><p style=\"text-align: justify;\">Todas las Junior Suites con servicio de A\/C incluido (Tama\u00f1o 20 m) cuentan con ba\u00f1o privado con agua caliente, refrigerador, cafetera, ventilador y amplio balc\u00f3n amueblado con hamacas.<\/p><p style=\"text-align: justify;\">Todas las Suites con servicio de A\/C incluido (Tama\u00f1o 30 m ) cuentan con ba\u00f1o privado con agua caliente, refrigerador, cafetera, ventilador y balc\u00f3n privado amueblado.<\/p><p style=\"text-align: justify;\">Los hu\u00e9spedes del Hotel Aurora pueden usar la cocina com\u00fan para prepararse algunos\u00a0 bocados peque\u00f1os o salir de la propiedad y encontrar una variedad de restaurantes o supermercados a 100 m. Se pueden organizar actividades como excursiones a la Isla de Tortuga y se tarda 40 minutos en barco para llegar a la zona.<\/p><p style=\"text-align: justify;\">Este hotel se encuentra a 30 minutos en coche del parque nacional Cabo Blanco y de la playa de Santa Teresa. El Aeropuerto Internacional Juan Santamar\u00eda se encuentra a 3 horas en auto, puedes elegir entre 2 servicios de ferry www.quickpaycr.com y www.coonatramar.com. Bustickets desde San Jos\u00e9 directo a Montezuma puede reservar en l\u00ednea en www.laterminalcr.com<\/p><p style=\"text-align: justify;\">A las parejas les gusta especialmente la ubicaci\u00f3n: la calificaron\u00a09,1\u00a0para un viaje de dos personas.<\/p><p style=\"text-align: justify;\">Amenidades: wifi fuerte, vigilancia 24\/7, cocina compartida para peque\u00f1os bocados, s\u00e1banas y toallas limpias, papel higi\u00e9nico, perchas, rincones privados, cafeteras, refrigerador, ventilador, agua caliente, ba\u00f1o privado, servicio de despertador, limpieza diaria, especial \u00e1rea de fumadores fuera de las instalaciones del hotel, informaci\u00f3n tur\u00edstica, servicio de lavander\u00eda.<\/p>\t\t\t\t\t\t\t\t<\/div>\n\t\t\t\t<\/div>\n\t\t\t\t\t<\/div>\n\t\t<\/div>\n\t\t\t\t\t<\/div>\n\t\t<\/section>\n\t\t\t\t<\/div>\n\t\t","protected":false},"excerpt":{"rendered":"<p>El Hotel Aurora recibe hu\u00e9spedes desde 1984. Hotel Aurora ofrece una gran sala de estar y una terraza de madera con zona de estar, hamacas, rodeado de exuberantes jardines y el encanto de la naturaleza de Montezuma. Se encuentra a 100 m del centro y las playas ya 10 minutos a pie de &#8220;La Cascada&#8221;,&#8230;<\/p>\n","protected":false},"author":1,"featured_media":0,"parent":0,"menu_order":0,"comment_status":"closed","ping_status":"closed","template":"","meta":{"nf_dc_page":"","om_disable_all_campaigns":false,"_kad_post_transparent":"disable","_kad_post_title":"hide","_kad_post_layout":"fullwidth","_kad_post_sidebar_id":"","_kad_post_content_style":"unboxed","_kad_post_vertical_padding":"","_kad_post_feature":"","_kad_post_feature_position":"","_kad_post_header":false,"_kad_post_footer":false,"_kad_post_classname":"","_joinchat":[],"footnotes":""},"class_list":["post-1675","page","type-page","status-publish","hentry"],"yoast_head":"<!-- This site is optimized with the Yoast SEO plugin v27.5 - https:\/\/yoast.com\/product\/yoast-seo-wordpress\/ -->\n<title>Hotel Aurora - Hotel Aurora<\/title>\n<meta name=\"robots\" content=\"index, follow, max-snippet:-1, max-image-preview:large, max-video-preview:-1\" \/>\n<link rel=\"canonical\" href=\"https:\/\/hotelaurora-montezuma.com\/?page_id=967\" \/>\n<meta property=\"og:locale\" content=\"es_ES\" \/>\n<meta property=\"og:type\" content=\"article\" \/>\n<meta property=\"og:title\" content=\"Hotel Aurora - Hotel Aurora\" \/>\n<meta property=\"og:description\" content=\"El Hotel Aurora recibe hu\u00e9spedes desde 1984. Hotel Aurora ofrece una gran sala de estar y una terraza de madera con zona de estar, hamacas, rodeado de exuberantes jardines y el encanto de la naturaleza de Montezuma. Se encuentra a 100 m del centro y las playas ya 10 minutos a pie de &#8220;La Cascada&#8221;,...\" \/>\n<meta property=\"og:url\" content=\"https:\/\/hotelaurora-montezuma.com\/?page_id=967\" \/>\n<meta property=\"og:site_name\" content=\"Hotel Aurora\" \/>\n<meta property=\"article:modified_time\" content=\"2023-01-17T17:08:21+00:00\" \/>\n<meta name=\"twitter:card\" content=\"summary_large_image\" \/>\n<meta name=\"twitter:label1\" content=\"Tiempo de lectura\" \/>\n\t<meta name=\"twitter:data1\" content=\"2 minutos\" \/>\n<script type=\"application\/ld+json\" class=\"yoast-schema-graph\">{\"@context\":\"https:\\\/\\\/schema.org\",\"@graph\":[{\"@type\":\"WebPage\",\"@id\":\"https:\\\/\\\/hotelaurora-montezuma.com\\\/?page_id=967\",\"url\":\"https:\\\/\\\/hotelaurora-montezuma.com\\\/?page_id=967\",\"name\":\"Hotel Aurora - Hotel Aurora\",\"isPartOf\":{\"@id\":\"https:\\\/\\\/hotelaurora-montezuma.com\\\/#website\"},\"datePublished\":\"2022-12-27T17:34:19+00:00\",\"dateModified\":\"2023-01-17T17:08:21+00:00\",\"breadcrumb\":{\"@id\":\"https:\\\/\\\/hotelaurora-montezuma.com\\\/?page_id=967#breadcrumb\"},\"inLanguage\":\"es\",\"potentialAction\":[{\"@type\":\"ReadAction\",\"target\":[\"https:\\\/\\\/hotelaurora-montezuma.com\\\/?page_id=967\"]}]},{\"@type\":\"BreadcrumbList\",\"@id\":\"https:\\\/\\\/hotelaurora-montezuma.com\\\/?page_id=967#breadcrumb\",\"itemListElement\":[{\"@type\":\"ListItem\",\"position\":1,\"name\":\"Home\",\"item\":\"https:\\\/\\\/hotelaurora-montezuma.com\\\/\"},{\"@type\":\"ListItem\",\"position\":2,\"name\":\"Hotel Aurora\"}]},{\"@type\":\"WebSite\",\"@id\":\"https:\\\/\\\/hotelaurora-montezuma.com\\\/#website\",\"url\":\"https:\\\/\\\/hotelaurora-montezuma.com\\\/\",\"name\":\"Hotel Aurora\",\"description\":\"Playa Montezuma - Costa Rica\",\"publisher\":{\"@id\":\"https:\\\/\\\/hotelaurora-montezuma.com\\\/#organization\"},\"potentialAction\":[{\"@type\":\"SearchAction\",\"target\":{\"@type\":\"EntryPoint\",\"urlTemplate\":\"https:\\\/\\\/hotelaurora-montezuma.com\\\/?s={search_term_string}\"},\"query-input\":{\"@type\":\"PropertyValueSpecification\",\"valueRequired\":true,\"valueName\":\"search_term_string\"}}],\"inLanguage\":\"es\"},{\"@type\":\"Organization\",\"@id\":\"https:\\\/\\\/hotelaurora-montezuma.com\\\/#organization\",\"name\":\"Hotel Aurora\",\"url\":\"https:\\\/\\\/hotelaurora-montezuma.com\\\/\",\"logo\":{\"@type\":\"ImageObject\",\"inLanguage\":\"es\",\"@id\":\"https:\\\/\\\/hotelaurora-montezuma.com\\\/#\\\/schema\\\/logo\\\/image\\\/\",\"url\":\"https:\\\/\\\/i0.wp.com\\\/hotelaurora-montezuma.com\\\/wp-content\\\/uploads\\\/2022\\\/10\\\/Logo-edit.png?fit=300%2C250&ssl=1\",\"contentUrl\":\"https:\\\/\\\/i0.wp.com\\\/hotelaurora-montezuma.com\\\/wp-content\\\/uploads\\\/2022\\\/10\\\/Logo-edit.png?fit=300%2C250&ssl=1\",\"width\":300,\"height\":250,\"caption\":\"Hotel Aurora\"},\"image\":{\"@id\":\"https:\\\/\\\/hotelaurora-montezuma.com\\\/#\\\/schema\\\/logo\\\/image\\\/\"}}]}<\/script>\n<!-- \/ Yoast SEO plugin. -->","yoast_head_json":{"title":"Hotel Aurora - Hotel Aurora","robots":{"index":"index","follow":"follow","max-snippet":"max-snippet:-1","max-image-preview":"max-image-preview:large","max-video-preview":"max-video-preview:-1"},"canonical":"https:\/\/hotelaurora-montezuma.com\/?page_id=967","og_locale":"es_ES","og_type":"article","og_title":"Hotel Aurora - Hotel Aurora","og_description":"El Hotel Aurora recibe hu\u00e9spedes desde 1984. Hotel Aurora ofrece una gran sala de estar y una terraza de madera con zona de estar, hamacas, rodeado de exuberantes jardines y el encanto de la naturaleza de Montezuma. Se encuentra a 100 m del centro y las playas ya 10 minutos a pie de &#8220;La Cascada&#8221;,...","og_url":"https:\/\/hotelaurora-montezuma.com\/?page_id=967","og_site_name":"Hotel Aurora","article_modified_time":"2023-01-17T17:08:21+00:00","twitter_card":"summary_large_image","twitter_misc":{"Tiempo de lectura":"2 minutos"},"schema":{"@context":"https:\/\/schema.org","@graph":[{"@type":"WebPage","@id":"https:\/\/hotelaurora-montezuma.com\/?page_id=967","url":"https:\/\/hotelaurora-montezuma.com\/?page_id=967","name":"Hotel Aurora - Hotel Aurora","isPartOf":{"@id":"https:\/\/hotelaurora-montezuma.com\/#website"},"datePublished":"2022-12-27T17:34:19+00:00","dateModified":"2023-01-17T17:08:21+00:00","breadcrumb":{"@id":"https:\/\/hotelaurora-montezuma.com\/?page_id=967#breadcrumb"},"inLanguage":"es","potentialAction":[{"@type":"ReadAction","target":["https:\/\/hotelaurora-montezuma.com\/?page_id=967"]}]},{"@type":"BreadcrumbList","@id":"https:\/\/hotelaurora-montezuma.com\/?page_id=967#breadcrumb","itemListElement":[{"@type":"ListItem","position":1,"name":"Home","item":"https:\/\/hotelaurora-montezuma.com\/"},{"@type":"ListItem","position":2,"name":"Hotel Aurora"}]},{"@type":"WebSite","@id":"https:\/\/hotelaurora-montezuma.com\/#website","url":"https:\/\/hotelaurora-montezuma.com\/","name":"Hotel Aurora","description":"Playa Montezuma - Costa Rica","publisher":{"@id":"https:\/\/hotelaurora-montezuma.com\/#organization"},"potentialAction":[{"@type":"SearchAction","target":{"@type":"EntryPoint","urlTemplate":"https:\/\/hotelaurora-montezuma.com\/?s={search_term_string}"},"query-input":{"@type":"PropertyValueSpecification","valueRequired":true,"valueName":"search_term_string"}}],"inLanguage":"es"},{"@type":"Organization","@id":"https:\/\/hotelaurora-montezuma.com\/#organization","name":"Hotel Aurora","url":"https:\/\/hotelaurora-montezuma.com\/","logo":{"@type":"ImageObject","inLanguage":"es","@id":"https:\/\/hotelaurora-montezuma.com\/#\/schema\/logo\/image\/","url":"https:\/\/i0.wp.com\/hotelaurora-montezuma.com\/wp-content\/uploads\/2022\/10\/Logo-edit.png?fit=300%2C250&ssl=1","contentUrl":"https:\/\/i0.wp.com\/hotelaurora-montezuma.com\/wp-content\/uploads\/2022\/10\/Logo-edit.png?fit=300%2C250&ssl=1","width":300,"height":250,"caption":"Hotel Aurora"},"image":{"@id":"https:\/\/hotelaurora-montezuma.com\/#\/schema\/logo\/image\/"}}]}},"jetpack_sharing_enabled":true,"_links":{"self":[{"href":"https:\/\/hotelaurora-montezuma.com\/es\/wp-json\/wp\/v2\/pages\/1675","targetHints":{"allow":["GET"]}}],"collection":[{"href":"https:\/\/hotelaurora-montezuma.com\/es\/wp-json\/wp\/v2\/pages"}],"about":[{"href":"https:\/\/hotelaurora-montezuma.com\/es\/wp-json\/wp\/v2\/types\/page"}],"author":[{"embeddable":true,"href":"https:\/\/hotelaurora-montezuma.com\/es\/wp-json\/wp\/v2\/users\/1"}],"replies":[{"embeddable":true,"href":"https:\/\/hotelaurora-montezuma.com\/es\/wp-json\/wp\/v2\/comments?post=1675"}],"version-history":[{"count":5,"href":"https:\/\/hotelaurora-montezuma.com\/es\/wp-json\/wp\/v2\/pages\/1675\/revisions"}],"predecessor-version":[{"id":1845,"href":"https:\/\/hotelaurora-montezuma.com\/es\/wp-json\/wp\/v2\/pages\/1675\/revisions\/1845"}],"wp:attachment":[{"href":"https:\/\/hotelaurora-montezuma.com\/es\/wp-json\/wp\/v2\/media?parent=1675"}],"curies":[{"name":"wp","href":"https:\/\/api.w.org\/{rel}","templated":true}]}}