{"id":1671,"date":"2022-12-27T10:58:05","date_gmt":"2022-12-27T16:58:05","guid":{"rendered":"https:\/\/hotelaurora-montezuma.com\/aviso-de-cookies\/"},"modified":"2022-12-27T10:58:24","modified_gmt":"2022-12-27T16:58:24","slug":"aviso-de-cookies","status":"publish","type":"page","link":"https:\/\/hotelaurora-montezuma.com\/es\/aviso-de-cookies\/","title":{"rendered":"Aviso de Cookies"},"content":{"rendered":"\t\t<div data-elementor-type=\"wp-page\" data-elementor-id=\"1671\" class=\"elementor elementor-1671\" data-elementor-post-type=\"page\">\n\t\t\t\t\t\t<section class=\"elementor-section elementor-top-section elementor-element elementor-element-0a705bc elementor-section-boxed elementor-section-height-default elementor-section-height-default\" data-id=\"0a705bc\" data-element_type=\"section\" data-e-type=\"section\">\n\t\t\t\t\t\t<div class=\"elementor-container elementor-column-gap-default\">\n\t\t\t\t\t<div class=\"elementor-column elementor-col-100 elementor-top-column elementor-element elementor-element-5954900\" data-id=\"5954900\" data-element_type=\"column\" data-e-type=\"column\">\n\t\t\t<div class=\"elementor-widget-wrap elementor-element-populated\">\n\t\t\t\t\t\t<div class=\"elementor-element elementor-element-ce0903b elementor-widget elementor-widget-text-editor\" data-id=\"ce0903b\" data-element_type=\"widget\" data-e-type=\"widget\" data-widget_type=\"text-editor.default\">\n\t\t\t\t<div class=\"elementor-widget-container\">\n\t\t\t\t\t\t\t\t\t<h2><br><\/h2>\n<h2>Cookies<\/h2>\n<p style=\"text-align: justify;\"><strong class=\"privacy-policy-tutorial\">Suggested text:&nbsp;<\/strong>If you leave a comment on our site you may opt-in to saving your name, email address and website in cookies. These are for your convenience so that you do not have to fill in your details again when you leave another comment. These cookies will last for one year.<\/p>\n<p>If you visit our login page, we will set a temporary cookie to determine if your browser accepts cookies. This cookie contains no personal data and is discarded when you close your browser.<\/p>\n<p>When you log in, we will also set up several cookies to save your login information and your screen display choices. Login cookies last for two days, and screen options cookies last for a year. If you select &#8220;Remember Me&#8221;, your login will persist for two weeks. If you log out of your account, the login cookies will be removed.<\/p>\n<p>If you edit or publish an article, an additional cookie will be saved in your browser. This cookie includes no personal data and simply indicates the post ID of the article you just edited. It expires after 1 day.<\/p><p><br><\/p><p><br><\/p>\t\t\t\t\t\t\t\t<\/div>\n\t\t\t\t<\/div>\n\t\t\t\t\t<\/div>\n\t\t<\/div>\n\t\t\t\t\t<\/div>\n\t\t<\/section>\n\t\t\t\t<\/div>\n\t\t","protected":false},"excerpt":{"rendered":"<p>Cookies Suggested text:&nbsp;Si deja un comentario en nuestro sitio, puede optar por guardar su nombre, direcci\u00f3n de correo electr\u00f3nico y sitio web en cookies. Estos son para su comodidad, para que no tenga que volver a rellenar sus datos cuando deje otro comentario. Estas cookies tendr\u00e1n una duraci\u00f3n de un a\u00f1o. Si visita nuestra p\u00e1gina&#8230;<\/p>\n","protected":false},"author":1,"featured_media":0,"parent":0,"menu_order":0,"comment_status":"closed","ping_status":"closed","template":"elementor_header_footer","meta":{"nf_dc_page":"","om_disable_all_campaigns":false,"_kad_post_transparent":"","_kad_post_title":"","_kad_post_layout":"","_kad_post_sidebar_id":"","_kad_post_content_style":"","_kad_post_vertical_padding":"","_kad_post_feature":"","_kad_post_feature_position":"","_kad_post_header":false,"_kad_post_footer":false,"_kad_post_classname":"","_joinchat":[],"footnotes":""},"class_list":["post-1671","page","type-page","status-publish","hentry"],"yoast_head":"<!-- This site is optimized with the Yoast SEO plugin v27.5 - https:\/\/yoast.com\/product\/yoast-seo-wordpress\/ -->\n<title>Aviso de Cookies - Hotel Aurora<\/title>\n<meta name=\"robots\" content=\"index, follow, max-snippet:-1, max-image-preview:large, max-video-preview:-1\" \/>\n<link rel=\"canonical\" href=\"https:\/\/hotelaurora-montezuma.com\/cookie-notice\/\" \/>\n<meta property=\"og:locale\" content=\"es_ES\" \/>\n<meta property=\"og:type\" content=\"article\" \/>\n<meta property=\"og:title\" content=\"Aviso de Cookies - Hotel Aurora\" \/>\n<meta property=\"og:description\" content=\"Cookies Suggested text:&nbsp;Si deja un comentario en nuestro sitio, puede optar por guardar su nombre, direcci\u00f3n de correo electr\u00f3nico y sitio web en cookies. Estos son para su comodidad, para que no tenga que volver a rellenar sus datos cuando deje otro comentario. Estas cookies tendr\u00e1n una duraci\u00f3n de un a\u00f1o. Si visita nuestra p\u00e1gina...\" \/>\n<meta property=\"og:url\" content=\"https:\/\/hotelaurora-montezuma.com\/cookie-notice\/\" \/>\n<meta property=\"og:site_name\" content=\"Hotel Aurora\" \/>\n<meta property=\"article:modified_time\" content=\"2022-12-27T16:58:24+00:00\" \/>\n<meta name=\"twitter:card\" content=\"summary_large_image\" \/>\n<meta name=\"twitter:label1\" content=\"Tiempo de lectura\" \/>\n\t<meta name=\"twitter:data1\" content=\"1 minuto\" \/>\n<script type=\"application\/ld+json\" class=\"yoast-schema-graph\">{\"@context\":\"https:\\\/\\\/schema.org\",\"@graph\":[{\"@type\":\"WebPage\",\"@id\":\"https:\\\/\\\/hotelaurora-montezuma.com\\\/cookie-notice\\\/\",\"url\":\"https:\\\/\\\/hotelaurora-montezuma.com\\\/cookie-notice\\\/\",\"name\":\"Aviso de Cookies - Hotel Aurora\",\"isPartOf\":{\"@id\":\"https:\\\/\\\/hotelaurora-montezuma.com\\\/#website\"},\"datePublished\":\"2022-12-27T16:58:05+00:00\",\"dateModified\":\"2022-12-27T16:58:24+00:00\",\"breadcrumb\":{\"@id\":\"https:\\\/\\\/hotelaurora-montezuma.com\\\/cookie-notice\\\/#breadcrumb\"},\"inLanguage\":\"es\",\"potentialAction\":[{\"@type\":\"ReadAction\",\"target\":[\"https:\\\/\\\/hotelaurora-montezuma.com\\\/cookie-notice\\\/\"]}]},{\"@type\":\"BreadcrumbList\",\"@id\":\"https:\\\/\\\/hotelaurora-montezuma.com\\\/cookie-notice\\\/#breadcrumb\",\"itemListElement\":[{\"@type\":\"ListItem\",\"position\":1,\"name\":\"Home\",\"item\":\"https:\\\/\\\/hotelaurora-montezuma.com\\\/\"},{\"@type\":\"ListItem\",\"position\":2,\"name\":\"Aviso de Cookies\"}]},{\"@type\":\"WebSite\",\"@id\":\"https:\\\/\\\/hotelaurora-montezuma.com\\\/#website\",\"url\":\"https:\\\/\\\/hotelaurora-montezuma.com\\\/\",\"name\":\"Hotel Aurora\",\"description\":\"Playa Montezuma - Costa Rica\",\"publisher\":{\"@id\":\"https:\\\/\\\/hotelaurora-montezuma.com\\\/#organization\"},\"potentialAction\":[{\"@type\":\"SearchAction\",\"target\":{\"@type\":\"EntryPoint\",\"urlTemplate\":\"https:\\\/\\\/hotelaurora-montezuma.com\\\/?s={search_term_string}\"},\"query-input\":{\"@type\":\"PropertyValueSpecification\",\"valueRequired\":true,\"valueName\":\"search_term_string\"}}],\"inLanguage\":\"es\"},{\"@type\":\"Organization\",\"@id\":\"https:\\\/\\\/hotelaurora-montezuma.com\\\/#organization\",\"name\":\"Hotel Aurora\",\"url\":\"https:\\\/\\\/hotelaurora-montezuma.com\\\/\",\"logo\":{\"@type\":\"ImageObject\",\"inLanguage\":\"es\",\"@id\":\"https:\\\/\\\/hotelaurora-montezuma.com\\\/#\\\/schema\\\/logo\\\/image\\\/\",\"url\":\"https:\\\/\\\/i0.wp.com\\\/hotelaurora-montezuma.com\\\/wp-content\\\/uploads\\\/2022\\\/10\\\/Logo-edit.png?fit=300%2C250&ssl=1\",\"contentUrl\":\"https:\\\/\\\/i0.wp.com\\\/hotelaurora-montezuma.com\\\/wp-content\\\/uploads\\\/2022\\\/10\\\/Logo-edit.png?fit=300%2C250&ssl=1\",\"width\":300,\"height\":250,\"caption\":\"Hotel Aurora\"},\"image\":{\"@id\":\"https:\\\/\\\/hotelaurora-montezuma.com\\\/#\\\/schema\\\/logo\\\/image\\\/\"}}]}<\/script>\n<!-- \/ Yoast SEO plugin. -->","yoast_head_json":{"title":"Aviso de Cookies - Hotel Aurora","robots":{"index":"index","follow":"follow","max-snippet":"max-snippet:-1","max-image-preview":"max-image-preview:large","max-video-preview":"max-video-preview:-1"},"canonical":"https:\/\/hotelaurora-montezuma.com\/cookie-notice\/","og_locale":"es_ES","og_type":"article","og_title":"Aviso de Cookies - Hotel Aurora","og_description":"Cookies Suggested text:&nbsp;Si deja un comentario en nuestro sitio, puede optar por guardar su nombre, direcci\u00f3n de correo electr\u00f3nico y sitio web en cookies. Estos son para su comodidad, para que no tenga que volver a rellenar sus datos cuando deje otro comentario. Estas cookies tendr\u00e1n una duraci\u00f3n de un a\u00f1o. Si visita nuestra p\u00e1gina...","og_url":"https:\/\/hotelaurora-montezuma.com\/cookie-notice\/","og_site_name":"Hotel Aurora","article_modified_time":"2022-12-27T16:58:24+00:00","twitter_card":"summary_large_image","twitter_misc":{"Tiempo de lectura":"1 minuto"},"schema":{"@context":"https:\/\/schema.org","@graph":[{"@type":"WebPage","@id":"https:\/\/hotelaurora-montezuma.com\/cookie-notice\/","url":"https:\/\/hotelaurora-montezuma.com\/cookie-notice\/","name":"Aviso de Cookies - Hotel Aurora","isPartOf":{"@id":"https:\/\/hotelaurora-montezuma.com\/#website"},"datePublished":"2022-12-27T16:58:05+00:00","dateModified":"2022-12-27T16:58:24+00:00","breadcrumb":{"@id":"https:\/\/hotelaurora-montezuma.com\/cookie-notice\/#breadcrumb"},"inLanguage":"es","potentialAction":[{"@type":"ReadAction","target":["https:\/\/hotelaurora-montezuma.com\/cookie-notice\/"]}]},{"@type":"BreadcrumbList","@id":"https:\/\/hotelaurora-montezuma.com\/cookie-notice\/#breadcrumb","itemListElement":[{"@type":"ListItem","position":1,"name":"Home","item":"https:\/\/hotelaurora-montezuma.com\/"},{"@type":"ListItem","position":2,"name":"Aviso de Cookies"}]},{"@type":"WebSite","@id":"https:\/\/hotelaurora-montezuma.com\/#website","url":"https:\/\/hotelaurora-montezuma.com\/","name":"Hotel Aurora","description":"Playa Montezuma - Costa Rica","publisher":{"@id":"https:\/\/hotelaurora-montezuma.com\/#organization"},"potentialAction":[{"@type":"SearchAction","target":{"@type":"EntryPoint","urlTemplate":"https:\/\/hotelaurora-montezuma.com\/?s={search_term_string}"},"query-input":{"@type":"PropertyValueSpecification","valueRequired":true,"valueName":"search_term_string"}}],"inLanguage":"es"},{"@type":"Organization","@id":"https:\/\/hotelaurora-montezuma.com\/#organization","name":"Hotel Aurora","url":"https:\/\/hotelaurora-montezuma.com\/","logo":{"@type":"ImageObject","inLanguage":"es","@id":"https:\/\/hotelaurora-montezuma.com\/#\/schema\/logo\/image\/","url":"https:\/\/i0.wp.com\/hotelaurora-montezuma.com\/wp-content\/uploads\/2022\/10\/Logo-edit.png?fit=300%2C250&ssl=1","contentUrl":"https:\/\/i0.wp.com\/hotelaurora-montezuma.com\/wp-content\/uploads\/2022\/10\/Logo-edit.png?fit=300%2C250&ssl=1","width":300,"height":250,"caption":"Hotel Aurora"},"image":{"@id":"https:\/\/hotelaurora-montezuma.com\/#\/schema\/logo\/image\/"}}]}},"jetpack_sharing_enabled":true,"_links":{"self":[{"href":"https:\/\/hotelaurora-montezuma.com\/es\/wp-json\/wp\/v2\/pages\/1671","targetHints":{"allow":["GET"]}}],"collection":[{"href":"https:\/\/hotelaurora-montezuma.com\/es\/wp-json\/wp\/v2\/pages"}],"about":[{"href":"https:\/\/hotelaurora-montezuma.com\/es\/wp-json\/wp\/v2\/types\/page"}],"author":[{"embeddable":true,"href":"https:\/\/hotelaurora-montezuma.com\/es\/wp-json\/wp\/v2\/users\/1"}],"replies":[{"embeddable":true,"href":"https:\/\/hotelaurora-montezuma.com\/es\/wp-json\/wp\/v2\/comments?post=1671"}],"version-history":[{"count":1,"href":"https:\/\/hotelaurora-montezuma.com\/es\/wp-json\/wp\/v2\/pages\/1671\/revisions"}],"predecessor-version":[{"id":1672,"href":"https:\/\/hotelaurora-montezuma.com\/es\/wp-json\/wp\/v2\/pages\/1671\/revisions\/1672"}],"wp:attachment":[{"href":"https:\/\/hotelaurora-montezuma.com\/es\/wp-json\/wp\/v2\/media?parent=1671"}],"curies":[{"name":"wp","href":"https:\/\/api.w.org\/{rel}","templated":true}]}}