{"id":1598,"date":"2022-12-27T08:03:46","date_gmt":"2022-12-27T14:03:46","guid":{"rendered":"https:\/\/hotelaurora-montezuma.com\/habitaciones\/"},"modified":"2023-01-17T17:22:37","modified_gmt":"2023-01-17T23:22:37","slug":"habitaciones","status":"publish","type":"page","link":"https:\/\/hotelaurora-montezuma.com\/es\/habitaciones\/","title":{"rendered":"Habitaciones"},"content":{"rendered":"\t\t<div data-elementor-type=\"wp-page\" data-elementor-id=\"1598\" class=\"elementor elementor-1598\" data-elementor-post-type=\"page\">\n\t\t\t\t\t\t<section class=\"elementor-section elementor-top-section elementor-element elementor-element-c1fdfae elementor-section-boxed elementor-section-height-default elementor-section-height-default\" data-id=\"c1fdfae\" data-element_type=\"section\" data-e-type=\"section\" data-settings=\"{&quot;background_background&quot;:&quot;classic&quot;}\">\n\t\t\t\t\t\t<div class=\"elementor-container elementor-column-gap-wide\">\n\t\t\t\t\t<div class=\"elementor-column elementor-col-50 elementor-top-column elementor-element elementor-element-730f28d\" data-id=\"730f28d\" data-element_type=\"column\" data-e-type=\"column\">\n\t\t\t<div class=\"elementor-widget-wrap elementor-element-populated\">\n\t\t\t\t\t\t<div class=\"elementor-element elementor-element-ddc63ad elementor-widget elementor-widget-heading\" data-id=\"ddc63ad\" data-element_type=\"widget\" data-e-type=\"widget\" data-widget_type=\"heading.default\">\n\t\t\t\t<div class=\"elementor-widget-container\">\n\t\t\t\t\t<h2 class=\"elementor-heading-title elementor-size-default\"><h2 data-elementor-setting-key=\"title\" data-pen-placeholder=\"Type Here...\" style=\"font-family: Roboto, sans-serif;font-weight: 600;font-size: 1px\"><span lang=\"EN-US\" style=\"font-size: 14pt;, sans-serif;color: ##FF7E00\"><h3 style=\"margin-bottom: 18px;, Helvetica, Arial, sans-serif;font-size: 44px;line-height: 30px;color: #FF7E00;white-space: normal\"><span style=\"font-weight: 400\">Habitaci\u00f3n Doble<\/span><br><\/h3><\/span><\/h2><span style=\"font-size: 14pt;font-weight: normal;font-family: var(--global-heading-font-family);background-color: transparent\">Incluye A\/C<\/span><\/h2>\t\t\t\t<\/div>\n\t\t\t\t<\/div>\n\t\t\t\t<div class=\"elementor-element elementor-element-1f7c856 elementor-widget elementor-widget-text-editor\" data-id=\"1f7c856\" data-element_type=\"widget\" data-e-type=\"widget\" data-widget_type=\"text-editor.default\">\n\t\t\t\t<div class=\"elementor-widget-container\">\n\t\t\t\t\t\t\t\t\t<p style=\"text-align: justify;\">Todas las habitaciones dobles Budget que se ofrecen sin A\/C (Tama\u00f1o 15 m) y las que incluyen el servicio de A\/C (Tama\u00f1o 15 m) cuentan con ba\u00f1o privado con agua caliente, refrigerador, cafetera, ventilador y un peque\u00f1o espacio privado al aire libre.<\/p>\t\t\t\t\t\t\t\t<\/div>\n\t\t\t\t<\/div>\n\t\t\t\t<div class=\"elementor-element elementor-element-c91b461 elementor-align-left elementor-widget elementor-widget-button\" data-id=\"c91b461\" data-element_type=\"widget\" data-e-type=\"widget\" data-widget_type=\"button.default\">\n\t\t\t\t<div class=\"elementor-widget-container\">\n\t\t\t\t\t\t\t\t\t<div class=\"elementor-button-wrapper\">\n\t\t\t\t\t<a class=\"elementor-button elementor-button-link elementor-size-sm\" href=\"https:\/\/hotels.cloudbeds.com\/reservation\/T1nL6G\">\n\t\t\t\t\t\t<span class=\"elementor-button-content-wrapper\">\n\t\t\t\t\t\t\t\t\t<span class=\"elementor-button-text\">RESERVAR<\/span>\n\t\t\t\t\t<\/span>\n\t\t\t\t\t<\/a>\n\t\t\t\t<\/div>\n\t\t\t\t\t\t\t\t<\/div>\n\t\t\t\t<\/div>\n\t\t\t\t\t<\/div>\n\t\t<\/div>\n\t\t\t\t<div class=\"elementor-column elementor-col-50 elementor-top-column elementor-element elementor-element-5eff851\" data-id=\"5eff851\" data-element_type=\"column\" data-e-type=\"column\">\n\t\t\t<div class=\"elementor-widget-wrap elementor-element-populated\">\n\t\t\t\t\t\t<div class=\"elementor-element elementor-element-0c11753 elementor-widget elementor-widget-image\" data-id=\"0c11753\" data-element_type=\"widget\" data-e-type=\"widget\" data-widget_type=\"image.default\">\n\t\t\t\t<div class=\"elementor-widget-container\">\n\t\t\t\t\t\t\t\t\t\t\t\t\t\t\t<img fetchpriority=\"high\" decoding=\"async\" width=\"2000\" height=\"1500\" src=\"https:\/\/i0.wp.com\/hotelaurora-montezuma.com\/wp-content\/uploads\/2022\/12\/f05180e8-740b-4840-932b-2e707101f3da-1.jpg?fit=2000%2C1500&amp;ssl=1\" class=\"attachment-full size-full wp-image-1280\" alt=\"\" srcset=\"https:\/\/i0.wp.com\/hotelaurora-montezuma.com\/wp-content\/uploads\/2022\/12\/f05180e8-740b-4840-932b-2e707101f3da-1.jpg?w=2000&amp;ssl=1 2000w, https:\/\/i0.wp.com\/hotelaurora-montezuma.com\/wp-content\/uploads\/2022\/12\/f05180e8-740b-4840-932b-2e707101f3da-1.jpg?resize=300%2C225&amp;ssl=1 300w, https:\/\/i0.wp.com\/hotelaurora-montezuma.com\/wp-content\/uploads\/2022\/12\/f05180e8-740b-4840-932b-2e707101f3da-1.jpg?resize=1024%2C768&amp;ssl=1 1024w, https:\/\/i0.wp.com\/hotelaurora-montezuma.com\/wp-content\/uploads\/2022\/12\/f05180e8-740b-4840-932b-2e707101f3da-1.jpg?resize=768%2C576&amp;ssl=1 768w, https:\/\/i0.wp.com\/hotelaurora-montezuma.com\/wp-content\/uploads\/2022\/12\/f05180e8-740b-4840-932b-2e707101f3da-1.jpg?resize=1536%2C1152&amp;ssl=1 1536w\" sizes=\"(max-width: 1290px) 100vw, 1290px\" \/>\t\t\t\t\t\t\t\t\t\t\t\t\t\t\t<\/div>\n\t\t\t\t<\/div>\n\t\t\t\t\t<\/div>\n\t\t<\/div>\n\t\t\t\t\t<\/div>\n\t\t<\/section>\n\t\t\t\t<section class=\"elementor-section elementor-top-section elementor-element elementor-element-a72da95 elementor-section-boxed elementor-section-height-default elementor-section-height-default\" data-id=\"a72da95\" data-element_type=\"section\" data-e-type=\"section\" data-settings=\"{&quot;background_background&quot;:&quot;classic&quot;}\">\n\t\t\t\t\t\t<div class=\"elementor-container elementor-column-gap-wide\">\n\t\t\t\t\t<div class=\"elementor-column elementor-col-50 elementor-top-column elementor-element elementor-element-ceeddbb\" data-id=\"ceeddbb\" data-element_type=\"column\" data-e-type=\"column\">\n\t\t\t<div class=\"elementor-widget-wrap elementor-element-populated\">\n\t\t\t\t\t\t<div class=\"elementor-element elementor-element-3ae72d4 elementor-widget elementor-widget-image\" data-id=\"3ae72d4\" data-element_type=\"widget\" data-e-type=\"widget\" data-widget_type=\"image.default\">\n\t\t\t\t<div class=\"elementor-widget-container\">\n\t\t\t\t\t\t\t\t\t\t\t\t\t\t\t<img decoding=\"async\" width=\"1024\" height=\"682\" src=\"https:\/\/i0.wp.com\/hotelaurora-montezuma.com\/wp-content\/uploads\/2022\/10\/87720598.jpg?fit=1024%2C682&amp;ssl=1\" class=\"attachment-full size-full wp-image-196\" alt=\"\" srcset=\"https:\/\/i0.wp.com\/hotelaurora-montezuma.com\/wp-content\/uploads\/2022\/10\/87720598.jpg?w=1024&amp;ssl=1 1024w, https:\/\/i0.wp.com\/hotelaurora-montezuma.com\/wp-content\/uploads\/2022\/10\/87720598.jpg?resize=300%2C200&amp;ssl=1 300w, https:\/\/i0.wp.com\/hotelaurora-montezuma.com\/wp-content\/uploads\/2022\/10\/87720598.jpg?resize=768%2C512&amp;ssl=1 768w\" sizes=\"(max-width: 1024px) 100vw, 1024px\" \/>\t\t\t\t\t\t\t\t\t\t\t\t\t\t\t<\/div>\n\t\t\t\t<\/div>\n\t\t\t\t\t<\/div>\n\t\t<\/div>\n\t\t\t\t<div class=\"elementor-column elementor-col-50 elementor-top-column elementor-element elementor-element-9f9cfd3\" data-id=\"9f9cfd3\" data-element_type=\"column\" data-e-type=\"column\">\n\t\t\t<div class=\"elementor-widget-wrap elementor-element-populated\">\n\t\t\t\t\t\t<div class=\"elementor-element elementor-element-62fdab5 elementor-widget elementor-widget-heading\" data-id=\"62fdab5\" data-element_type=\"widget\" data-e-type=\"widget\" data-widget_type=\"heading.default\">\n\t\t\t\t<div class=\"elementor-widget-container\">\n\t\t\t\t\t<h2 class=\"elementor-heading-title elementor-size-default\"><h2 data-elementor-setting-key=\"title\" data-pen-placeholder=\"Type Here...\" style=\"font-family: Roboto, sans-serif;font-weight: 600;font-size: 1px\"><span lang=\"EN-US\" style=\"font-size: 14pt;, sans-serif;color: ##FF7E00\"><h3 style=\"margin-bottom: 18px;, Helvetica, Arial, sans-serif;font-size: 44px;line-height: 30px;color: #FF7E00;white-space: normal\"><span style=\"font-weight: 400\">Junior Suite <\/span><br><\/h3><\/span><\/h2><span style=\"font-size: 14pt;font-weight: normal;font-family: var(--global-heading-font-family);background-color: transparent\">Inlcuye A\/C<\/span><\/h2>\t\t\t\t<\/div>\n\t\t\t\t<\/div>\n\t\t\t\t<div class=\"elementor-element elementor-element-9cb75f5 elementor-widget elementor-widget-text-editor\" data-id=\"9cb75f5\" data-element_type=\"widget\" data-e-type=\"widget\" data-widget_type=\"text-editor.default\">\n\t\t\t\t<div class=\"elementor-widget-container\">\n\t\t\t\t\t\t\t\t\t<p style=\"text-align: justify;\">Todas las Junior Suites con servicio de A\/C incluido (Tama\u00f1o 20 m) cuentan con ba\u00f1o privado con agua caliente, refrigerador, cafetera, ventilador y amplio balc\u00f3n amueblado con hamacas.<\/p>\t\t\t\t\t\t\t\t<\/div>\n\t\t\t\t<\/div>\n\t\t\t\t<div class=\"elementor-element elementor-element-8d9a7b7 elementor-align-left elementor-widget elementor-widget-button\" data-id=\"8d9a7b7\" data-element_type=\"widget\" data-e-type=\"widget\" data-widget_type=\"button.default\">\n\t\t\t\t<div class=\"elementor-widget-container\">\n\t\t\t\t\t\t\t\t\t<div class=\"elementor-button-wrapper\">\n\t\t\t\t\t<a class=\"elementor-button elementor-button-link elementor-size-sm\" href=\"https:\/\/hotels.cloudbeds.com\/reservation\/T1nL6G\">\n\t\t\t\t\t\t<span class=\"elementor-button-content-wrapper\">\n\t\t\t\t\t\t\t\t\t<span class=\"elementor-button-text\">RESERVAR<\/span>\n\t\t\t\t\t<\/span>\n\t\t\t\t\t<\/a>\n\t\t\t\t<\/div>\n\t\t\t\t\t\t\t\t<\/div>\n\t\t\t\t<\/div>\n\t\t\t\t\t<\/div>\n\t\t<\/div>\n\t\t\t\t\t<\/div>\n\t\t<\/section>\n\t\t\t\t<section class=\"elementor-section elementor-top-section elementor-element elementor-element-a21a6c7 elementor-section-boxed elementor-section-height-default elementor-section-height-default\" data-id=\"a21a6c7\" data-element_type=\"section\" data-e-type=\"section\" data-settings=\"{&quot;background_background&quot;:&quot;classic&quot;}\">\n\t\t\t\t\t\t<div class=\"elementor-container elementor-column-gap-wide\">\n\t\t\t\t\t<div class=\"elementor-column elementor-col-50 elementor-top-column elementor-element elementor-element-4e5df1b\" data-id=\"4e5df1b\" data-element_type=\"column\" data-e-type=\"column\">\n\t\t\t<div class=\"elementor-widget-wrap elementor-element-populated\">\n\t\t\t\t\t\t<div class=\"elementor-element elementor-element-e4385f9 elementor-widget elementor-widget-heading\" data-id=\"e4385f9\" data-element_type=\"widget\" data-e-type=\"widget\" data-widget_type=\"heading.default\">\n\t\t\t\t<div class=\"elementor-widget-container\">\n\t\t\t\t\t<h2 class=\"elementor-heading-title elementor-size-default\"><h2 data-elementor-setting-key=\"title\" data-pen-placeholder=\"Type Here...\" style=\"font-family: Roboto, sans-serif;font-weight: 600;font-size: 1px\"><span lang=\"EN-US\" style=\"font-size: 14pt;, sans-serif\"><h3 style=\"margin-bottom: 18px;, Helvetica, Arial, sans-serif;font-size: 44px;line-height: 30px;color: #FF7E00;white-space: normal\"><span style=\"font-weight: 400\">Suite <\/span><br><\/h3><\/span><\/h2><span style=\"font-size: 14pt;font-weight: normal;font-family: var(--global-heading-font-family);background-color: transparent\">incluye A\/C<\/span><\/h2>\t\t\t\t<\/div>\n\t\t\t\t<\/div>\n\t\t\t\t<div class=\"elementor-element elementor-element-4c4a4bb elementor-widget elementor-widget-text-editor\" data-id=\"4c4a4bb\" data-element_type=\"widget\" data-e-type=\"widget\" data-widget_type=\"text-editor.default\">\n\t\t\t\t<div class=\"elementor-widget-container\">\n\t\t\t\t\t\t\t\t\t<p style=\"text-align: justify;\">Todas las Suites con servicio de A\/C incluido (Tama\u00f1o 30 m ) cuentan con ba\u00f1o privado con agua caliente, refrigerador, cafetera, ventilador y balc\u00f3n privado amueblado.<\/p>\t\t\t\t\t\t\t\t<\/div>\n\t\t\t\t<\/div>\n\t\t\t\t<div class=\"elementor-element elementor-element-11fb875 elementor-align-left elementor-widget elementor-widget-button\" data-id=\"11fb875\" data-element_type=\"widget\" data-e-type=\"widget\" data-widget_type=\"button.default\">\n\t\t\t\t<div class=\"elementor-widget-container\">\n\t\t\t\t\t\t\t\t\t<div class=\"elementor-button-wrapper\">\n\t\t\t\t\t<a class=\"elementor-button elementor-button-link elementor-size-sm\" href=\"https:\/\/hotels.cloudbeds.com\/reservation\/T1nL6G\">\n\t\t\t\t\t\t<span class=\"elementor-button-content-wrapper\">\n\t\t\t\t\t\t\t\t\t<span class=\"elementor-button-text\">RESERVAR<\/span>\n\t\t\t\t\t<\/span>\n\t\t\t\t\t<\/a>\n\t\t\t\t<\/div>\n\t\t\t\t\t\t\t\t<\/div>\n\t\t\t\t<\/div>\n\t\t\t\t\t<\/div>\n\t\t<\/div>\n\t\t\t\t<div class=\"elementor-column elementor-col-50 elementor-top-column elementor-element elementor-element-5169af0\" data-id=\"5169af0\" data-element_type=\"column\" data-e-type=\"column\">\n\t\t\t<div class=\"elementor-widget-wrap elementor-element-populated\">\n\t\t\t\t\t\t<div class=\"elementor-element elementor-element-9f213ee elementor-widget elementor-widget-image\" data-id=\"9f213ee\" data-element_type=\"widget\" data-e-type=\"widget\" data-widget_type=\"image.default\">\n\t\t\t\t<div class=\"elementor-widget-container\">\n\t\t\t\t\t\t\t\t\t\t\t\t\t\t\t<img decoding=\"async\" width=\"700\" height=\"490\" src=\"https:\/\/i0.wp.com\/hotelaurora-montezuma.com\/wp-content\/uploads\/2022\/12\/dsc_0197_featured__62c36467a2830.jpg?fit=700%2C490&amp;ssl=1\" class=\"attachment-full size-full wp-image-1319\" alt=\"\" srcset=\"https:\/\/i0.wp.com\/hotelaurora-montezuma.com\/wp-content\/uploads\/2022\/12\/dsc_0197_featured__62c36467a2830.jpg?w=700&amp;ssl=1 700w, https:\/\/i0.wp.com\/hotelaurora-montezuma.com\/wp-content\/uploads\/2022\/12\/dsc_0197_featured__62c36467a2830.jpg?resize=300%2C210&amp;ssl=1 300w\" sizes=\"(max-width: 700px) 100vw, 700px\" \/>\t\t\t\t\t\t\t\t\t\t\t\t\t\t\t<\/div>\n\t\t\t\t<\/div>\n\t\t\t\t\t<\/div>\n\t\t<\/div>\n\t\t\t\t\t<\/div>\n\t\t<\/section>\n\t\t\t\t<\/div>\n\t\t","protected":false},"excerpt":{"rendered":"<p>Habitaci\u00f3n Doble Incluye A\/C Todas las habitaciones dobles Budget que se ofrecen sin A\/C (Tama\u00f1o 15 m) y las que incluyen el servicio de A\/C (Tama\u00f1o 15 m) cuentan con ba\u00f1o privado con agua caliente, refrigerador, cafetera, ventilador y un peque\u00f1o espacio privado al aire libre. RESERVAR Junior Suite Inlcuye A\/C Todas las Junior Suites&#8230;<\/p>\n","protected":false},"author":1,"featured_media":0,"parent":0,"menu_order":0,"comment_status":"closed","ping_status":"closed","template":"","meta":{"nf_dc_page":"","om_disable_all_campaigns":false,"_kad_post_transparent":"","_kad_post_title":"","_kad_post_layout":"fullwidth","_kad_post_sidebar_id":"","_kad_post_content_style":"","_kad_post_vertical_padding":"","_kad_post_feature":"","_kad_post_feature_position":"","_kad_post_header":false,"_kad_post_footer":false,"_kad_post_classname":"","_joinchat":[],"footnotes":""},"class_list":["post-1598","page","type-page","status-publish","hentry"],"yoast_head":"<!-- This site is optimized with the Yoast SEO plugin v27.5 - https:\/\/yoast.com\/product\/yoast-seo-wordpress\/ -->\n<title>Habitaciones - Hotel Aurora<\/title>\n<meta name=\"robots\" content=\"index, follow, max-snippet:-1, max-image-preview:large, max-video-preview:-1\" \/>\n<link rel=\"canonical\" href=\"https:\/\/hotelaurora-montezuma.com\/rooms\/\" \/>\n<meta property=\"og:locale\" content=\"es_ES\" \/>\n<meta property=\"og:type\" content=\"article\" \/>\n<meta property=\"og:title\" content=\"Habitaciones - Hotel Aurora\" \/>\n<meta property=\"og:description\" content=\"Habitaci\u00f3n Doble Incluye A\/C Todas las habitaciones dobles Budget que se ofrecen sin A\/C (Tama\u00f1o 15 m) y las que incluyen el servicio de A\/C (Tama\u00f1o 15 m) cuentan con ba\u00f1o privado con agua caliente, refrigerador, cafetera, ventilador y un peque\u00f1o espacio privado al aire libre. RESERVAR Junior Suite Inlcuye A\/C Todas las Junior Suites...\" \/>\n<meta property=\"og:url\" content=\"https:\/\/hotelaurora-montezuma.com\/rooms\/\" \/>\n<meta property=\"og:site_name\" content=\"Hotel Aurora\" \/>\n<meta property=\"article:modified_time\" content=\"2023-01-17T23:22:37+00:00\" \/>\n<meta property=\"og:image\" content=\"https:\/\/hotelaurora-montezuma.com\/wp-content\/uploads\/2022\/12\/f05180e8-740b-4840-932b-2e707101f3da-1.jpg\" \/>\n<meta name=\"twitter:card\" content=\"summary_large_image\" \/>\n<meta name=\"twitter:label1\" content=\"Tiempo de lectura\" \/>\n\t<meta name=\"twitter:data1\" content=\"2 minutos\" \/>\n<script type=\"application\/ld+json\" class=\"yoast-schema-graph\">{\"@context\":\"https:\\\/\\\/schema.org\",\"@graph\":[{\"@type\":\"WebPage\",\"@id\":\"https:\\\/\\\/hotelaurora-montezuma.com\\\/rooms\\\/\",\"url\":\"https:\\\/\\\/hotelaurora-montezuma.com\\\/rooms\\\/\",\"name\":\"Habitaciones - Hotel Aurora\",\"isPartOf\":{\"@id\":\"https:\\\/\\\/hotelaurora-montezuma.com\\\/#website\"},\"primaryImageOfPage\":{\"@id\":\"https:\\\/\\\/hotelaurora-montezuma.com\\\/rooms\\\/#primaryimage\"},\"image\":{\"@id\":\"https:\\\/\\\/hotelaurora-montezuma.com\\\/rooms\\\/#primaryimage\"},\"thumbnailUrl\":\"https:\\\/\\\/hotelaurora-montezuma.com\\\/wp-content\\\/uploads\\\/2022\\\/12\\\/f05180e8-740b-4840-932b-2e707101f3da-1.jpg\",\"datePublished\":\"2022-12-27T14:03:46+00:00\",\"dateModified\":\"2023-01-17T23:22:37+00:00\",\"breadcrumb\":{\"@id\":\"https:\\\/\\\/hotelaurora-montezuma.com\\\/rooms\\\/#breadcrumb\"},\"inLanguage\":\"es\",\"potentialAction\":[{\"@type\":\"ReadAction\",\"target\":[\"https:\\\/\\\/hotelaurora-montezuma.com\\\/rooms\\\/\"]}]},{\"@type\":\"ImageObject\",\"inLanguage\":\"es\",\"@id\":\"https:\\\/\\\/hotelaurora-montezuma.com\\\/rooms\\\/#primaryimage\",\"url\":\"https:\\\/\\\/hotelaurora-montezuma.com\\\/wp-content\\\/uploads\\\/2022\\\/12\\\/f05180e8-740b-4840-932b-2e707101f3da-1.jpg\",\"contentUrl\":\"https:\\\/\\\/hotelaurora-montezuma.com\\\/wp-content\\\/uploads\\\/2022\\\/12\\\/f05180e8-740b-4840-932b-2e707101f3da-1.jpg\"},{\"@type\":\"BreadcrumbList\",\"@id\":\"https:\\\/\\\/hotelaurora-montezuma.com\\\/rooms\\\/#breadcrumb\",\"itemListElement\":[{\"@type\":\"ListItem\",\"position\":1,\"name\":\"Home\",\"item\":\"https:\\\/\\\/hotelaurora-montezuma.com\\\/\"},{\"@type\":\"ListItem\",\"position\":2,\"name\":\"Habitaciones\"}]},{\"@type\":\"WebSite\",\"@id\":\"https:\\\/\\\/hotelaurora-montezuma.com\\\/#website\",\"url\":\"https:\\\/\\\/hotelaurora-montezuma.com\\\/\",\"name\":\"Hotel Aurora\",\"description\":\"Playa Montezuma - Costa Rica\",\"publisher\":{\"@id\":\"https:\\\/\\\/hotelaurora-montezuma.com\\\/#organization\"},\"potentialAction\":[{\"@type\":\"SearchAction\",\"target\":{\"@type\":\"EntryPoint\",\"urlTemplate\":\"https:\\\/\\\/hotelaurora-montezuma.com\\\/?s={search_term_string}\"},\"query-input\":{\"@type\":\"PropertyValueSpecification\",\"valueRequired\":true,\"valueName\":\"search_term_string\"}}],\"inLanguage\":\"es\"},{\"@type\":\"Organization\",\"@id\":\"https:\\\/\\\/hotelaurora-montezuma.com\\\/#organization\",\"name\":\"Hotel Aurora\",\"url\":\"https:\\\/\\\/hotelaurora-montezuma.com\\\/\",\"logo\":{\"@type\":\"ImageObject\",\"inLanguage\":\"es\",\"@id\":\"https:\\\/\\\/hotelaurora-montezuma.com\\\/#\\\/schema\\\/logo\\\/image\\\/\",\"url\":\"https:\\\/\\\/i0.wp.com\\\/hotelaurora-montezuma.com\\\/wp-content\\\/uploads\\\/2022\\\/10\\\/Logo-edit.png?fit=300%2C250&ssl=1\",\"contentUrl\":\"https:\\\/\\\/i0.wp.com\\\/hotelaurora-montezuma.com\\\/wp-content\\\/uploads\\\/2022\\\/10\\\/Logo-edit.png?fit=300%2C250&ssl=1\",\"width\":300,\"height\":250,\"caption\":\"Hotel Aurora\"},\"image\":{\"@id\":\"https:\\\/\\\/hotelaurora-montezuma.com\\\/#\\\/schema\\\/logo\\\/image\\\/\"}}]}<\/script>\n<!-- \/ Yoast SEO plugin. -->","yoast_head_json":{"title":"Habitaciones - Hotel Aurora","robots":{"index":"index","follow":"follow","max-snippet":"max-snippet:-1","max-image-preview":"max-image-preview:large","max-video-preview":"max-video-preview:-1"},"canonical":"https:\/\/hotelaurora-montezuma.com\/rooms\/","og_locale":"es_ES","og_type":"article","og_title":"Habitaciones - Hotel Aurora","og_description":"Habitaci\u00f3n Doble Incluye A\/C Todas las habitaciones dobles Budget que se ofrecen sin A\/C (Tama\u00f1o 15 m) y las que incluyen el servicio de A\/C (Tama\u00f1o 15 m) cuentan con ba\u00f1o privado con agua caliente, refrigerador, cafetera, ventilador y un peque\u00f1o espacio privado al aire libre. RESERVAR Junior Suite Inlcuye A\/C Todas las Junior Suites...","og_url":"https:\/\/hotelaurora-montezuma.com\/rooms\/","og_site_name":"Hotel Aurora","article_modified_time":"2023-01-17T23:22:37+00:00","og_image":[{"url":"https:\/\/hotelaurora-montezuma.com\/wp-content\/uploads\/2022\/12\/f05180e8-740b-4840-932b-2e707101f3da-1.jpg","type":"","width":"","height":""}],"twitter_card":"summary_large_image","twitter_misc":{"Tiempo de lectura":"2 minutos"},"schema":{"@context":"https:\/\/schema.org","@graph":[{"@type":"WebPage","@id":"https:\/\/hotelaurora-montezuma.com\/rooms\/","url":"https:\/\/hotelaurora-montezuma.com\/rooms\/","name":"Habitaciones - Hotel Aurora","isPartOf":{"@id":"https:\/\/hotelaurora-montezuma.com\/#website"},"primaryImageOfPage":{"@id":"https:\/\/hotelaurora-montezuma.com\/rooms\/#primaryimage"},"image":{"@id":"https:\/\/hotelaurora-montezuma.com\/rooms\/#primaryimage"},"thumbnailUrl":"https:\/\/hotelaurora-montezuma.com\/wp-content\/uploads\/2022\/12\/f05180e8-740b-4840-932b-2e707101f3da-1.jpg","datePublished":"2022-12-27T14:03:46+00:00","dateModified":"2023-01-17T23:22:37+00:00","breadcrumb":{"@id":"https:\/\/hotelaurora-montezuma.com\/rooms\/#breadcrumb"},"inLanguage":"es","potentialAction":[{"@type":"ReadAction","target":["https:\/\/hotelaurora-montezuma.com\/rooms\/"]}]},{"@type":"ImageObject","inLanguage":"es","@id":"https:\/\/hotelaurora-montezuma.com\/rooms\/#primaryimage","url":"https:\/\/hotelaurora-montezuma.com\/wp-content\/uploads\/2022\/12\/f05180e8-740b-4840-932b-2e707101f3da-1.jpg","contentUrl":"https:\/\/hotelaurora-montezuma.com\/wp-content\/uploads\/2022\/12\/f05180e8-740b-4840-932b-2e707101f3da-1.jpg"},{"@type":"BreadcrumbList","@id":"https:\/\/hotelaurora-montezuma.com\/rooms\/#breadcrumb","itemListElement":[{"@type":"ListItem","position":1,"name":"Home","item":"https:\/\/hotelaurora-montezuma.com\/"},{"@type":"ListItem","position":2,"name":"Habitaciones"}]},{"@type":"WebSite","@id":"https:\/\/hotelaurora-montezuma.com\/#website","url":"https:\/\/hotelaurora-montezuma.com\/","name":"Hotel Aurora","description":"Playa Montezuma - Costa Rica","publisher":{"@id":"https:\/\/hotelaurora-montezuma.com\/#organization"},"potentialAction":[{"@type":"SearchAction","target":{"@type":"EntryPoint","urlTemplate":"https:\/\/hotelaurora-montezuma.com\/?s={search_term_string}"},"query-input":{"@type":"PropertyValueSpecification","valueRequired":true,"valueName":"search_term_string"}}],"inLanguage":"es"},{"@type":"Organization","@id":"https:\/\/hotelaurora-montezuma.com\/#organization","name":"Hotel Aurora","url":"https:\/\/hotelaurora-montezuma.com\/","logo":{"@type":"ImageObject","inLanguage":"es","@id":"https:\/\/hotelaurora-montezuma.com\/#\/schema\/logo\/image\/","url":"https:\/\/i0.wp.com\/hotelaurora-montezuma.com\/wp-content\/uploads\/2022\/10\/Logo-edit.png?fit=300%2C250&ssl=1","contentUrl":"https:\/\/i0.wp.com\/hotelaurora-montezuma.com\/wp-content\/uploads\/2022\/10\/Logo-edit.png?fit=300%2C250&ssl=1","width":300,"height":250,"caption":"Hotel Aurora"},"image":{"@id":"https:\/\/hotelaurora-montezuma.com\/#\/schema\/logo\/image\/"}}]}},"jetpack_sharing_enabled":true,"_links":{"self":[{"href":"https:\/\/hotelaurora-montezuma.com\/es\/wp-json\/wp\/v2\/pages\/1598","targetHints":{"allow":["GET"]}}],"collection":[{"href":"https:\/\/hotelaurora-montezuma.com\/es\/wp-json\/wp\/v2\/pages"}],"about":[{"href":"https:\/\/hotelaurora-montezuma.com\/es\/wp-json\/wp\/v2\/types\/page"}],"author":[{"embeddable":true,"href":"https:\/\/hotelaurora-montezuma.com\/es\/wp-json\/wp\/v2\/users\/1"}],"replies":[{"embeddable":true,"href":"https:\/\/hotelaurora-montezuma.com\/es\/wp-json\/wp\/v2\/comments?post=1598"}],"version-history":[{"count":5,"href":"https:\/\/hotelaurora-montezuma.com\/es\/wp-json\/wp\/v2\/pages\/1598\/revisions"}],"predecessor-version":[{"id":2112,"href":"https:\/\/hotelaurora-montezuma.com\/es\/wp-json\/wp\/v2\/pages\/1598\/revisions\/2112"}],"wp:attachment":[{"href":"https:\/\/hotelaurora-montezuma.com\/es\/wp-json\/wp\/v2\/media?parent=1598"}],"curies":[{"name":"wp","href":"https:\/\/api.w.org\/{rel}","templated":true}]}}